{"id":5404,"date":"2025-09-16T13:13:41","date_gmt":"2025-09-16T11:13:41","guid":{"rendered":"https:\/\/www.addictsportnutrition.melo-yevo.com\/?post_type=product&#038;p=5404"},"modified":"2026-04-17T05:03:13","modified_gmt":"2026-04-17T03:03:13","slug":"rice-cream","status":"publish","type":"product","link":"https:\/\/addictsportnutrition.com\/en\/boutique\/prise-de-poids-performance\/rice-cream\/","title":{"rendered":"RICE CREAM"},"content":{"rendered":"<div data-elementor-type=\"wp-post\" data-elementor-id=\"5404\" class=\"elementor elementor-5404\" data-elementor-post-type=\"product\">\n\t\t\t\t<div class=\"elementor-element elementor-element-3f887a79 e-flex e-con-boxed e-con e-parent\" data-id=\"3f887a79\" data-element_type=\"container\">\n\t\t\t\t\t<div class=\"e-con-inner\">\n\t\t\t\t<div class=\"elementor-element elementor-element-a90b2a4 elementor-widget elementor-widget-heading\" data-id=\"a90b2a4\" data-element_type=\"widget\" data-widget_type=\"heading.default\">\n\t\t\t\t\t<h5 class=\"elementor-heading-title elementor-size-default\">RICE CREAM\n<\/h5>\t\t\t\t<\/div>\n\t\t\t\t<div class=\"elementor-element elementor-element-61d4fe4 elementor-widget elementor-widget-text-editor\" data-id=\"61d4fe4\" data-element_type=\"widget\" data-widget_type=\"text-editor.default\">\n\t\t\t\t\t\t\t\t\t<p>Rice cream is a complex carbohydrate that is easy to digest and made from white rice flour. It is gluten-free and an excellent option for your diet when bodybuilding. It is also a good source of extra calories in snacks or meals throughout the day.<\/p>\t\t\t\t\t\t\t\t<\/div>\n\t\t\t\t<div class=\"elementor-element elementor-element-086a4c0 elementor-widget elementor-widget-heading\" data-id=\"086a4c0\" data-element_type=\"widget\" data-widget_type=\"heading.default\">\n\t\t\t\t\t<h5 class=\"elementor-heading-title elementor-size-default\">Carbohydrates<\/h5>\t\t\t\t<\/div>\n\t\t\t\t<div class=\"elementor-element elementor-element-cb84c53 elementor-widget elementor-widget-text-editor\" data-id=\"cb84c53\" data-element_type=\"widget\" data-widget_type=\"text-editor.default\">\n\t\t\t\t\t\t\t\t\t<p>It contributes to the maintenance of normal brain function and normal muscle function after high-intensity and\/or prolonged physical exercise that leads to a decrease in glycogen stores in skeletal muscles and muscle fatigue.<\/p>\t\t\t\t\t\t\t\t<\/div>\n\t\t\t\t<div class=\"elementor-element elementor-element-4609ba5 elementor-widget elementor-widget-heading\" data-id=\"4609ba5\" data-element_type=\"widget\" data-widget_type=\"heading.default\">\n\t\t\t\t\t<h5 class=\"elementor-heading-title elementor-size-default\">VEGAN AND GLUTEN-FREE PRODUCT<\/h5>\t\t\t\t<\/div>\n\t\t\t\t<div class=\"elementor-element elementor-element-06f3f88 elementor-widget elementor-widget-text-editor\" data-id=\"06f3f88\" data-element_type=\"widget\" data-widget_type=\"text-editor.default\">\n\t\t\t\t\t\t\t\t\t<p>Cream of Rice a une composition simple, sans ingr\u00e9dients d&rsquo;origine animale. Elle convient donc parfaitement aux v\u00e9g\u00e9taliens et aux v\u00e9g\u00e9tariens. De plus, la farine de riz ne contient pas de gluten, de sorte que le produit peut \u00eatre utilis\u00e9 librement par les personnes allergiques \u00e0 cet ingr\u00e9dient.<\/p>\t\t\t\t\t\t\t\t<\/div>\n\t\t\t\t<div class=\"elementor-element elementor-element-388ad6b elementor-widget elementor-widget-heading\" data-id=\"388ad6b\" data-element_type=\"widget\" data-widget_type=\"heading.default\">\n\t\t\t\t\t<h5 class=\"elementor-heading-title elementor-size-default\">WHEN CAN YOU USE YOUR RICE CREAM?\n<\/h5>\t\t\t\t<\/div>\n\t\t\t\t<div class=\"elementor-element elementor-element-776210b elementor-widget elementor-widget-text-editor\" data-id=\"776210b\" data-element_type=\"widget\" data-widget_type=\"text-editor.default\">\n\t\t\t\t\t\t\t\t\t<p class=\"translation-block\">At breakfast<br>Before training (30 minutes to 1 hour before training) for ultra-fast digestion, as it is already pre-digested.<br>After training, for a quick recharge with rapidly absorbed carbohydrates<br>As a snack between meals.<\/p>\t\t\t\t\t\t\t\t<\/div>\n\t\t\t\t\t<\/div>\n\t\t\t\t<\/div>\n\t\t\t\t<\/div>","protected":false},"excerpt":{"rendered":"<p>Rice cream is a complex carbohydrate that is easy to digest and made from white rice flour. It is gluten-free and an excellent option for your diet when bodybuilding. It is also a good source of extra calories in snacks or meals throughout the day.<\/p>","protected":false},"featured_media":5408,"comment_status":"open","ping_status":"closed","template":"","meta":[],"product_cat":[77],"product_tag":[],"class_list":{"0":"post-5404","1":"product","2":"type-product","3":"status-publish","4":"has-post-thumbnail","6":"product_cat-prise-de-poids-performance","8":"first","9":"onbackorder","10":"virtual","11":"product-type-simple"},"_links":{"self":[{"href":"https:\/\/addictsportnutrition.com\/en\/wp-json\/wp\/v2\/product\/5404","targetHints":{"allow":["GET"]}}],"collection":[{"href":"https:\/\/addictsportnutrition.com\/en\/wp-json\/wp\/v2\/product"}],"about":[{"href":"https:\/\/addictsportnutrition.com\/en\/wp-json\/wp\/v2\/types\/product"}],"replies":[{"embeddable":true,"href":"https:\/\/addictsportnutrition.com\/en\/wp-json\/wp\/v2\/comments?post=5404"}],"version-history":[{"count":5,"href":"https:\/\/addictsportnutrition.com\/en\/wp-json\/wp\/v2\/product\/5404\/revisions"}],"predecessor-version":[{"id":5643,"href":"https:\/\/addictsportnutrition.com\/en\/wp-json\/wp\/v2\/product\/5404\/revisions\/5643"}],"wp:featuredmedia":[{"embeddable":true,"href":"https:\/\/addictsportnutrition.com\/en\/wp-json\/wp\/v2\/media\/5408"}],"wp:attachment":[{"href":"https:\/\/addictsportnutrition.com\/en\/wp-json\/wp\/v2\/media?parent=5404"}],"wp:term":[{"taxonomy":"product_cat","embeddable":true,"href":"https:\/\/addictsportnutrition.com\/en\/wp-json\/wp\/v2\/product_cat?post=5404"},{"taxonomy":"product_tag","embeddable":true,"href":"https:\/\/addictsportnutrition.com\/en\/wp-json\/wp\/v2\/product_tag?post=5404"}],"curies":[{"name":"wp","href":"https:\/\/api.w.org\/{rel}","templated":true}]}}