{"id":5340,"date":"2025-09-16T12:39:50","date_gmt":"2025-09-16T10:39:50","guid":{"rendered":"https:\/\/www.addictsportnutrition.melo-yevo.com\/?post_type=product&#038;p=5340"},"modified":"2025-09-23T19:05:09","modified_gmt":"2025-09-23T17:05:09","slug":"creatine","status":"publish","type":"product","link":"https:\/\/addictsportnutrition.com\/en\/boutique\/acides-amines-creatine\/creatine\/","title":{"rendered":"CREATINE"},"content":{"rendered":"<div data-elementor-type=\"wp-post\" data-elementor-id=\"5340\" class=\"elementor elementor-5340\" data-elementor-post-type=\"product\">\n\t\t\t\t<div class=\"elementor-element elementor-element-3f887a79 e-flex e-con-boxed e-con e-parent\" data-id=\"3f887a79\" data-element_type=\"container\">\n\t\t\t\t\t<div class=\"e-con-inner\">\n\t\t\t\t<div class=\"elementor-element elementor-element-a90b2a4 elementor-widget elementor-widget-heading\" data-id=\"a90b2a4\" data-element_type=\"widget\" data-widget_type=\"heading.default\">\n\t\t\t\t\t<h5 class=\"elementor-heading-title elementor-size-default\">CREATINE\n<\/h5>\t\t\t\t<\/div>\n\t\t\t\t<div class=\"elementor-element elementor-element-61d4fe4 elementor-widget elementor-widget-text-editor\" data-id=\"61d4fe4\" data-element_type=\"widget\" data-widget_type=\"text-editor.default\">\n\t\t\t\t\t\t\t\t\t<p class=\"translation-block\">Creatine monohydrate is the leading ergogenic aid in the world of dietary supplements. An ergogenic aid is a molecule or process that enhances physical or cognitive performance. Creatine has been proven to increase strength and muscle growth during short, repeated resistance exercises. Creatine monohydrate is therefore most effective when taken to improve performance in weight training, bodybuilding, and other sports involving repeated explosive efforts (sprints, CrossFit, HIIT, soccer, rugby, etc.). <br><br>Creatine monohydrate has proven its effectiveness on muscle strength and growth<br><br>Available on the dietary supplement market for nearly 30 years, creatine monohydrate has enabled thousands of athletes in strength and explosive sports to benefit from a measurable and noticeable gain in power and muscle growth. Creatine monohydrate participates in the recycling of ATP to release instant energy and improves cellular phosphocreatine reserves.<br><br>Creatine monohydrate is a healthy and safe ergogenic aid. It contributes to increased muscle growth and strength in the context of repeated sets of bodybuilding and weight training. <br><br>Myths about creatine have no serious scientific basis.Contrary to myths circulating about creatine monohydrate, it does not cause water retention outside muscle fibers. On the contrary, it contributes to the hydration of muscle cells. Creatine is not harmful to the kidneys and does not cause dehydration. It is not a performance-enhancing drug. Creatine is not on the list of doping products of the IOC or sports federations. Only creatine monohydrate has proven its effectiveness compared to other forms of creatine in scientific studies conducted on humans. Creatine must be taken continuously and not as a course of treatment for maximum effectiveness. A loading phase with a large amount of creatine is not necessary at the beginning of treatment because the body cannot assimilate large amounts during or outside of a meal. Developed for physical and athletic performance in strength and high-intensity sports such as bodybuilding, CrossFit, HIIT, and all physical activities involving intense, short-duration exercises.<\/p>\t\t\t\t\t\t\t\t<\/div>\n\t\t\t\t<div class=\"elementor-element elementor-element-44ac441 elementor-widget elementor-widget-heading\" data-id=\"44ac441\" data-element_type=\"widget\" data-widget_type=\"heading.default\">\n\t\t\t\t\t<h5 class=\"elementor-heading-title elementor-size-default\">Myths about creatine:\n<\/h5>\t\t\t\t<\/div>\n\t\t\t\t<div class=\"elementor-element elementor-element-18a018f elementor-widget elementor-widget-text-editor\" data-id=\"18a018f\" data-element_type=\"widget\" data-widget_type=\"text-editor.default\">\n\t\t\t\t\t\t\t\t\t<ul><li>Creatine does not cause extra-muscular water retention (but intramuscular water retention, within the muscles).<\/li><li>Creatine is not bad for the kidneys and does not cause dehydration.<\/li><li>Creatine is not a performance-enhancing drug and is not included on the IOC's list of banned substances.<\/li><li>Creatine is a dietary supplement that contributes to muscle growth with intense and heavy exercise.<br \/>Seule la cr\u00e9atine monohydrate a montr\u00e9 son efficacit\u00e9 par rapport aux autres formes de cr\u00e9atine.<\/li><li>Creatine can be taken continuously rather than in courses for maximum effectiveness.<\/li><li>Studies have shown that there is no need to carry out a loading phase at the start of treatment.<\/li><\/ul>\t\t\t\t\t\t\t\t<\/div>\n\t\t\t\t\t<\/div>\n\t\t\t\t<\/div>\n\t\t\t\t<\/div>","protected":false},"excerpt":{"rendered":"<p>Creatine monohydrate is the leading ergogenic aid in the world of dietary supplements. An ergogenic aid is a molecule or process that enhances physical or cognitive performance. Creatine has been proven to increase strength and muscle growth during short, repeated resistance exercises. Creatine monohydrate is therefore most effective when taken to improve performance in weight training, bodybuilding, and other sports involving repeated explosive efforts (sprints, CrossFit, HIIT, soccer, rugby, etc.).<\/p>","protected":false},"featured_media":5342,"comment_status":"open","ping_status":"closed","template":"","meta":[],"product_cat":[78],"product_tag":[],"class_list":{"0":"post-5340","1":"product","2":"type-product","3":"status-publish","4":"has-post-thumbnail","6":"product_cat-acides-amines-creatine","8":"first","9":"onbackorder","10":"virtual","11":"product-type-simple"},"_links":{"self":[{"href":"https:\/\/addictsportnutrition.com\/en\/wp-json\/wp\/v2\/product\/5340","targetHints":{"allow":["GET"]}}],"collection":[{"href":"https:\/\/addictsportnutrition.com\/en\/wp-json\/wp\/v2\/product"}],"about":[{"href":"https:\/\/addictsportnutrition.com\/en\/wp-json\/wp\/v2\/types\/product"}],"replies":[{"embeddable":true,"href":"https:\/\/addictsportnutrition.com\/en\/wp-json\/wp\/v2\/comments?post=5340"}],"version-history":[{"count":5,"href":"https:\/\/addictsportnutrition.com\/en\/wp-json\/wp\/v2\/product\/5340\/revisions"}],"predecessor-version":[{"id":5352,"href":"https:\/\/addictsportnutrition.com\/en\/wp-json\/wp\/v2\/product\/5340\/revisions\/5352"}],"wp:featuredmedia":[{"embeddable":true,"href":"https:\/\/addictsportnutrition.com\/en\/wp-json\/wp\/v2\/media\/5342"}],"wp:attachment":[{"href":"https:\/\/addictsportnutrition.com\/en\/wp-json\/wp\/v2\/media?parent=5340"}],"wp:term":[{"taxonomy":"product_cat","embeddable":true,"href":"https:\/\/addictsportnutrition.com\/en\/wp-json\/wp\/v2\/product_cat?post=5340"},{"taxonomy":"product_tag","embeddable":true,"href":"https:\/\/addictsportnutrition.com\/en\/wp-json\/wp\/v2\/product_tag?post=5340"}],"curies":[{"name":"wp","href":"https:\/\/api.w.org\/{rel}","templated":true}]}}