{"id":6004,"date":"2025-09-23T20:14:22","date_gmt":"2025-09-23T18:14:22","guid":{"rendered":"https:\/\/www.addictsportnutrition.melo-yevo.com\/?page_id=6004"},"modified":"2025-09-23T20:14:22","modified_gmt":"2025-09-23T18:14:22","slug":"politique-de-remboursement","status":"publish","type":"page","link":"https:\/\/addictsportnutrition.com\/en\/politique-de-remboursement\/","title":{"rendered":"Politique de remboursement"},"content":{"rendered":"<h2 class=\"wp-block-heading\">Droit de r\u00e9tractation<\/h2>\n\n\n\n<p>Par principe, en cas de souscription d\u2019un contrat \u00e0 distance, \u00e0 la suite d\u2019un d\u00e9marchage ou hors \u00e9tablissement, le Client b\u00e9n\u00e9ficie d\u2019un droit de r\u00e9tractation, sans avoir \u00e0 motiver sa d\u00e9cision ni \u00e0 supporter d\u2019autres co\u00fbts que ceux pr\u00e9vus aux articles L221-23 \u00e0 L221-25 du Code de la consommation.<\/p>\n\n\n\n<p>Ce droit de r\u00e9tractation est exerc\u00e9 par le Client en renvoyant ou restituant le(s) Produit(s) concern\u00e9(s), au plus tard dans le d\u00e9lai de quatorze (14) jours courant \u00e0 compter de la date \u00e0 laquelle le Client, ou un tiers autre que le transporteur et d\u00e9sign\u00e9 par le Client, a pris physiquement possession du(des) Produit(s) concern\u00e9(s).<\/p>\n\n\n\n<p>Pour exercer son droit de r\u00e9tractation, le Client doit notifier sa d\u00e9cision de se r\u00e9tracter dans le d\u00e9lai imparti, au moyen d\u2019une d\u00e9claration d\u00e9nu\u00e9e d\u2019ambigu\u00eft\u00e9 (par exemple, lettre envoy\u00e9e par la poste, t\u00e9l\u00e9copie ou courrier \u00e9lectronique) \u00e0 : info@addictsportnutrition.com ou Soci\u00e9t\u00e9 ASN Europe sarl, rue du Golf 3, 33701 M\u00e9rignac, France<\/p>\n\n\n\n<p>Le cas \u00e9ch\u00e9ant, le Client peut utiliser le mod\u00e8le de formulaire de r\u00e9tractation reproduit ci-apr\u00e8s&nbsp;:<\/p>\n\n\n\n<h5 class=\"wp-block-heading\"><strong>FORMULAIRE DE R\u00c9TRACTATION<\/strong><\/h5>\n\n\n\n<p>A d\u00e9couper et \u00e0 adresser \u00e0 ASN Europe sarl avec accus\u00e9 de r\u00e9ception, par voie postale \u00e0 l\u2019adresse suivante : 3 rue du Golf, 33701 M\u00e9rignac, France ou par mail \u00e0 l\u2019adresse suivante : info@addictsportnutrition.com<\/p>\n\n\n\n<p>&#8230;&#8230;&#8230;&#8230;&#8230;&#8230;&#8230;&#8230;&#8230;&#8230;&#8230;&#8230;&#8230;&#8230;&#8230;&#8230;&#8230;&#8230;&#8230;&#8230;&#8230;&#8230;&#8230;&#8230;&#8230;&#8230;&#8230;&#8230;&#8230;&#8230;&#8230;&#8230;&#8230;&#8230;&#8230;&#8230;&#8230;&#8230;&#8230;&#8230;&#8230;&#8230;&#8230;&#8230;&#8230;&#8230;&#8230;&#8230;&#8230;&#8230;&#8230;&#8230;<\/p>\n\n\n\n<p>Je vous notifie par la pr\u00e9sente ma r\u00e9tractation du contrat portant sur la vente du\/des Produit(s) ci-dessous :<\/p>\n\n\n\n<p>R\u00e9f\u00e9rence du Produit&nbsp;:<\/p>\n\n\n\n<p>N\u00b0 de la facture :<\/p>\n\n\n\n<p>Date de la Commande :<\/p>\n\n\n\n<p>Date de r\u00e9ception&nbsp;:<\/p>\n\n\n\n<p>Nom et pr\u00e9nom du Client :<\/p>\n\n\n\n<p>Adresse du Client :<\/p>\n\n\n\n<p>Adresse de livraison :<\/p>\n\n\n\n<p>Date&nbsp;:<\/p>\n\n\n\n<p>Signature (sauf en cas de transmission par mail)&nbsp;:<\/p>\n\n\n\n<p><strong><a href=\"https:\/\/www.fitness-world-nutrition.com\/wp-content\/uploads\/2023\/05\/1300330.svg?_gl=1*10125lf*_up*MQ..*_ga*Mjc4NzYyMjkxLjE3NDM1ODY1MjQ.*_ga_1GHTPPD5QJ*MTc0MzU4NjUyMy4xLjEuMTc0MzU4NjUzMy4wLjAuMA..\"><\/a>\u2026\u2026\u2026\u2026\u2026\u2026\u2026\u2026\u2026\u2026\u2026\u2026\u2026\u2026\u2026\u2026\u2026\u2026\u2026\u2026\u2026\u2026\u2026\u2026\u2026\u2026\u2026\u2026\u2026\u2026\u2026\u2026\u2026\u2026\u2026\u2026\u2026\u2026\u2026<\/strong><\/p>\n\n\n\n<p>L\u2019exercice du droit de r\u00e9tractation emporte r\u00e9solution de plein droit du contrat de vente.<\/p>\n\n\n\n<p>En cas d\u2019exercice par le Client de son droit de r\u00e9tractation, ASN EUROPE lui remboursera la totalit\u00e9 des sommes vers\u00e9es, au plus tard dans les quatorze (14) jours suivants la date de d\u00e9nonciation du contrat, \u00e0 l\u2019exclusion de toute autre indemnit\u00e9, sauf majoration \u00e9ventuelle en cas de retard de remboursement.<\/p>\n\n\n\n<p>Nous pouvons diff\u00e9rer le remboursement jusqu\u2019\u00e0 ce que nous ayons re\u00e7u le bien.<br><br>Adresse de retour : ASN Europe, 246 all\u00e9e des Cantines, Parc des Cantines, 33127 St Jean D&rsquo;Illac<\/p>","protected":false},"excerpt":{"rendered":"<p>Droit de r\u00e9tractation Par principe, en cas de souscription d\u2019un contrat \u00e0 distance, \u00e0 la suite d\u2019un d\u00e9marchage ou hors \u00e9tablissement, le Client b\u00e9n\u00e9ficie d\u2019un droit de r\u00e9tractation, sans avoir \u00e0 motiver sa d\u00e9cision ni \u00e0 supporter d\u2019autres co\u00fbts que ceux pr\u00e9vus aux articles L221-23 \u00e0 L221-25 du Code de la consommation. Ce droit de [&hellip;]<\/p>","protected":false},"author":1,"featured_media":0,"parent":0,"menu_order":0,"comment_status":"closed","ping_status":"closed","template":"","meta":{"footnotes":""},"class_list":["post-6004","page","type-page","status-publish","hentry"],"_links":{"self":[{"href":"https:\/\/addictsportnutrition.com\/en\/wp-json\/wp\/v2\/pages\/6004","targetHints":{"allow":["GET"]}}],"collection":[{"href":"https:\/\/addictsportnutrition.com\/en\/wp-json\/wp\/v2\/pages"}],"about":[{"href":"https:\/\/addictsportnutrition.com\/en\/wp-json\/wp\/v2\/types\/page"}],"author":[{"embeddable":true,"href":"https:\/\/addictsportnutrition.com\/en\/wp-json\/wp\/v2\/users\/1"}],"replies":[{"embeddable":true,"href":"https:\/\/addictsportnutrition.com\/en\/wp-json\/wp\/v2\/comments?post=6004"}],"version-history":[{"count":1,"href":"https:\/\/addictsportnutrition.com\/en\/wp-json\/wp\/v2\/pages\/6004\/revisions"}],"predecessor-version":[{"id":6007,"href":"https:\/\/addictsportnutrition.com\/en\/wp-json\/wp\/v2\/pages\/6004\/revisions\/6007"}],"wp:attachment":[{"href":"https:\/\/addictsportnutrition.com\/en\/wp-json\/wp\/v2\/media?parent=6004"}],"curies":[{"name":"wp","href":"https:\/\/api.w.org\/{rel}","templated":true}]}}