{"id":5999,"date":"2025-09-23T20:08:19","date_gmt":"2025-09-23T18:08:19","guid":{"rendered":"https:\/\/www.addictsportnutrition.melo-yevo.com\/?page_id=5999"},"modified":"2025-09-23T20:12:36","modified_gmt":"2025-09-23T18:12:36","slug":"mentions-legales","status":"publish","type":"page","link":"https:\/\/addictsportnutrition.com\/en\/mentions-legales\/","title":{"rendered":"Legal notices"},"content":{"rendered":"<h2 class=\"wp-block-heading\"><strong>Identit\u00e9 de la soci\u00e9t\u00e9<\/strong><\/h2>\n\n\n\n<p><strong><br><\/strong>Le site ADDICTSPORTNUTRITION.com est \u00e9dit\u00e9 et exploit\u00e9 par la soci\u00e9t\u00e9 asn europe, soci\u00e9t\u00e9 \u00e0 responsabilit\u00e9 limit\u00e9e (sarl) de droit fran\u00e7ais au capital de 100.000,00 \u20ac, dont le si\u00e8ge social est situ\u00e9, 3 rue du golf parc innolin 33701 merignac cedex, siret 79085841900019.<\/p>\n\n\n\n<p><br><strong>Responsable de publication :<\/strong> la soci\u00e9t\u00e9 asn europe, pr\u00e9qualifi\u00e9e contact : info@addictsportnutrition.com<br>Num\u00e9ro de tva intracommunautaire: FR83790858419<br><\/p>\n\n\n\n<p><strong>H\u00e9bergeur <\/strong>: OVH<br><\/p>\n\n\n\n<h2 class=\"wp-block-heading\"><strong>Propri\u00e9t\u00e9 intellectuelle<\/strong><\/h2>\n\n\n\n<p><strong><br><\/strong>Notre site internet est cr\u00e9\u00e9 par notre \u00e9quipe informatique. C&rsquo;est donc une \u0153uvre prot\u00e9g\u00e9e par la loi sur la propri\u00e9t\u00e9 intellectuelle. Le contenu, comme les textes, illustrations, photographies et pr\u00e9sentations sont strictement r\u00e9serv\u00e9s au titre du droit d&rsquo;auteur et de la propri\u00e9t\u00e9 intellectuelle.<br>La soci\u00e9t\u00e9 ASN Europe vous accorde une licence limit\u00e9e, non-exclusive, r\u00e9vocable, sans droit de sous-licencier sur le contenu du site, et ce, pour les simples acc\u00e8s, navigation et utilisation du site. Cette licence ne vous accorde aucun autre droit, en particulier d&rsquo;exploitation commerciale des contenus.<br>Pour plus de d\u00e9tails, nous vous invitons \u00e0 consulter nos conditions d&rsquo;utilisation.<br>En vertu de l&rsquo;article 14, al. 1 du r\u00e8glement europ\u00e9en num\u00e9ro 524\/2013 du 21 mai 2013 relatif au relc, la commission europ\u00e9enne met \u00e0 la disposition des consommateurs une plateforme en ligne de r\u00e8glement des litiges disponible \u00e0 cette adresse: https:\/\/ec.europa.eu\/odr<\/p>\n\n\n\n<p><\/p>","protected":false},"excerpt":{"rendered":"<p>Identit\u00e9 de la soci\u00e9t\u00e9 Le site ADDICTSPORTNUTRITION.com est \u00e9dit\u00e9 et exploit\u00e9 par la soci\u00e9t\u00e9 asn europe, soci\u00e9t\u00e9 \u00e0 responsabilit\u00e9 limit\u00e9e (sarl) de droit fran\u00e7ais au capital de 100.000,00 \u20ac, dont le si\u00e8ge social est situ\u00e9, 3 rue du golf parc innolin 33701 merignac cedex, siret 79085841900019. Responsable de publication : la soci\u00e9t\u00e9 asn europe, pr\u00e9qualifi\u00e9e [&hellip;]<\/p>","protected":false},"author":1,"featured_media":0,"parent":0,"menu_order":0,"comment_status":"closed","ping_status":"closed","template":"","meta":{"footnotes":""},"class_list":["post-5999","page","type-page","status-publish","hentry"],"_links":{"self":[{"href":"https:\/\/addictsportnutrition.com\/en\/wp-json\/wp\/v2\/pages\/5999","targetHints":{"allow":["GET"]}}],"collection":[{"href":"https:\/\/addictsportnutrition.com\/en\/wp-json\/wp\/v2\/pages"}],"about":[{"href":"https:\/\/addictsportnutrition.com\/en\/wp-json\/wp\/v2\/types\/page"}],"author":[{"embeddable":true,"href":"https:\/\/addictsportnutrition.com\/en\/wp-json\/wp\/v2\/users\/1"}],"replies":[{"embeddable":true,"href":"https:\/\/addictsportnutrition.com\/en\/wp-json\/wp\/v2\/comments?post=5999"}],"version-history":[{"count":2,"href":"https:\/\/addictsportnutrition.com\/en\/wp-json\/wp\/v2\/pages\/5999\/revisions"}],"predecessor-version":[{"id":6003,"href":"https:\/\/addictsportnutrition.com\/en\/wp-json\/wp\/v2\/pages\/5999\/revisions\/6003"}],"wp:attachment":[{"href":"https:\/\/addictsportnutrition.com\/en\/wp-json\/wp\/v2\/media?parent=5999"}],"curies":[{"name":"wp","href":"https:\/\/api.w.org\/{rel}","templated":true}]}}