{"id":5992,"date":"2025-09-23T20:05:52","date_gmt":"2025-09-23T18:05:52","guid":{"rendered":"https:\/\/www.addictsportnutrition.melo-yevo.com\/?page_id=5992"},"modified":"2025-09-23T20:05:53","modified_gmt":"2025-09-23T18:05:53","slug":"conditions-generales-de-ventes","status":"publish","type":"page","link":"https:\/\/addictsportnutrition.com\/en\/conditions-generales-de-ventes\/","title":{"rendered":"Conditions g\u00e9n\u00e9rales de ventes"},"content":{"rendered":"<p><strong>Mise \u00e0 jour le 01 mars 2025<\/strong><\/p>\n\n\n\n<p><strong>PROPRI\u00c9T\u00c9 INTELLECTUELLE<\/strong><\/p>\n\n\n\n<p><br>Notre site Internet est cr\u00e9\u00e9 par notre \u00e9quipe informatique. C&rsquo;est donc une \u0153uvre prot\u00e9g\u00e9e par la loi sur la propri\u00e9t\u00e9 intellectuelle. Le contenu, comme les textes, illustrations, photographies et pr\u00e9sentations sont strictement r\u00e9serv\u00e9s au titre du droit d&rsquo;auteur et de la propri\u00e9t\u00e9 intellectuelle.<br><br>La soci\u00e9t\u00e9 ASN Europe vous accorde une licence limit\u00e9, non-exclusive, r\u00e9vocable, sans droit de sous-licencier sur le contenu du site, et ce, pour les simples acc\u00e8s, navigation et utilisation du site. Cette licence ne vous accorde aucun autre droit, en particulier d&rsquo;exploitation commerciale des contenus.<br>Pour plus de d\u00e9tails, nous vous invitons \u00e0 consulter nos conditions d&rsquo;utilisation.<br><br>En vertu de l&rsquo;article 14, al. 1 du r\u00e8glement europ\u00e9en num\u00e9ro 524\/2013 du 21 mai 2013 relatif au RELC, la Commission Europ\u00e9enne met \u00e0 la disposition des consommateurs une plateforme en ligne de r\u00e8glement des litiges disponible \u00e0 cette adresse: https:\/\/ec.europa.eu\/odr<br><br><strong>PRODUITS<\/strong><br>Les produits propos\u00e9s sont ceux qui figurent sur le site ADDICTSPORTNUTRITION.com de la soci\u00e9t\u00e9 ASN EUROPE. La soci\u00e9t\u00e9 ASN EUROPE se r\u00e9serve le droit de modifier \u00e0 tout moment l\u2019assortiment de produits. Chaque produit est pr\u00e9sent\u00e9 sur le site internet sous forme d\u2019un descriptif reprenant ses principales caract\u00e9ristiques (conditionnement, utilisation, composition, parfums \u2026). La vente des produits pr\u00e9sent\u00e9s dans le site ADDICTSPORTNUTRITION.com est destin\u00e9e \u00e0 tous les acheteurs r\u00e9sidents dans les pays qui autorisent pleinement l\u2019entr\u00e9e sur leur territoire de ces produits.<br><br><strong>TARIFS ET PROMOS<\/strong><br>Les prix figurant sur les fiches produits du catalogue internet sont des prix en Euros (\u20ac) toutes taxes comprises (TTC) tenant compte de la TVA applicable au jour de la commande. Tout changement du taux de la TVA pourra \u00eatre r\u00e9percut\u00e9 sur le prix des produits. La soci\u00e9t\u00e9 ASN EUROPE se r\u00e9serve le droit de modifier ses prix \u00e0 tout moment, \u00e9tant toutefois entendu que le prix figurant au catalogue le jour de la commande sera le seul applicable \u00e0 l\u2019acheteur. Les prix indiqu\u00e9s ne comprennent pas les frais de livraison, factur\u00e9s en suppl\u00e9ment du prix des produits achet\u00e9s.<br><br>Les promotions indiqu\u00e9es sur notre site et communiqu\u00e9es dans nos newsletters et r\u00e9seaux sociaux ne sont pas cumulables, sauf mention contraire et explicite.<br><br><strong>RESPONSABILIT\u00c9<\/strong><br>La responsabilit\u00e9 de la soci\u00e9t\u00e9 ASN EUROPE ne pourra \u00eatre engag\u00e9e pour un dommage r\u00e9sultant de l\u2019utilisation du r\u00e9seau Internet tel que perte de donn\u00e9es, intrusion, virus, rupture du service, ou autres probl\u00e8mes involontaires, de la faute du consommateur lui-m\u00eame<br><br>La responsabilit\u00e9 de ASN EUROPE ne saurait \u00eatre engag\u00e9e en cas de non respect de la l\u00e9gislation du pays o\u00f9 les produits sont livr\u00e9s. Il vous appartient de v\u00e9rifier aupr\u00e8s des autorit\u00e9s locales les possibilit\u00e9s d&rsquo;importation ou d&rsquo;utilisation des produits que vous envisagez de commander. Aussi, la responsabilit\u00e9 de ASN EUROPE ne saurait \u00eatre engag\u00e9e en cas de consommation de produit par des clients ayant des probl\u00e8mes de sant\u00e9 (intol\u00e9rance, allergie&#8230;). Il vous appartient de consulter un m\u00e9decin avant de prendre des compl\u00e9ments alimentaires.<br><br>ASN EUROPE ne saurait \u00eatre tenue pour responsable de l&rsquo;inex\u00e9cution du contrat conclu en cas de force majeure, de perturbation ou gr\u00e8ve totale ou partielle notamment des services postaux et moyens de transport et\/ou communications, inondation, incendie.<br><br><strong>R\u00c8GLEMENT DES LITIGES<\/strong><br>Le pr\u00e9sent contrat est soumis \u00e0 la loi fran\u00e7aise. La langue du pr\u00e9sent contrat est la langue fran\u00e7aise.<br><br>En cas de litige, les parties privil\u00e9gieront une r\u00e9solution amiable du litige dans un d\u00e9lai de deux mois \u00e0 compter de la premi\u00e8re r\u00e9clamation \u00e9crite de l\u2019une ou l\u2019autre des parties. En cas d\u2019\u00e9chec, le litige sera alors soumis \u00e0 la juridiction fran\u00e7aise qui sera seule comp\u00e9tente, nonobstant pluralit\u00e9 de d\u00e9fendeurs ou appel en garantie.<br><br><strong>COMMENT PASSER COMMANDE ?<\/strong><br><strong>AJOUTER UN PRODUIT AU PANIER<\/strong><br>Passer une commande sur ADDICT SPORT NUTRITION est tr\u00e8s simple ! Il vous suffit de parcourir notre catalogue \u00e0 l\u2019aide du menu et choisir les univers produits ou les marques qui vous int\u00e9ressent.<br><br>Une fois que vous \u00eates sur la page produit, vous pouvez s\u00e9lectionner le format et le go\u00fbt si vous avez choisi un compl\u00e9ment alimentaire.<br><br>Une fois que vous fait votre choix et d\u00e9fini la quantit\u00e9 que vous souhaitez acheter, il ne vous reste plus qu\u2019\u00e0 appuyer sur le bouton \u00ab\u00a0Ajouter au panier\u00a0\u00bb. Un pop-up de confirmation fera son apparition pour vous confirmer que le produit a bien \u00e9t\u00e9 ajout\u00e9 \u00e0 votre panier.<br><br>Pour passer \u00e0 l\u2019\u00e9tape suivante, vous devez cliquer sur le bouton \u00ab\u00a0Payer ma commande\u00a0\u00bb.<br><br><strong>CHOISIR VOTRE LIVRAISON<\/strong><br>Apr\u00e8s avoir valid\u00e9 votre panier, vous serez redirig\u00e9 vers la page de choix du mode de livraison. Il vous suffira donc de choisir le mode de livraison pour lequel vous souhaitez opter afin de passer \u00e0 l\u2019\u00e9tape suivante. Notre page sur les d\u00e9lais et tarifs de livraisons vous donnent de plus amples informations sur l\u2019exp\u00e9dition de votre commande.<br><br>Pour passer \u00e0 l\u2019\u00e9tape finale, veuillez cliquer sur le bouton \u00ab\u00a0Payer ma commande\u00a0\u00bb.<br><br><strong>PAIEMENT DE VOTRE COMMANDE<\/strong><br>Vous \u00eates enfin arriv\u00e9 \u00e0 la derni\u00e8re \u00e9tape et dans quelques instants, votre commande sera en pr\u00e9paration dans nos entrep\u00f4ts. Sur la page de paiement, vous avez la possibilit\u00e9 de choisir parmi diff\u00e9rents modes de paiement. Une fois que votre commande est r\u00e9gl\u00e9e, vous recevrez un mail de confirmation et le processus de commande sera termin\u00e9.<br><br><strong>INFORMATIONS SUR LE PAIEMENT<\/strong><br>Nous acceptons plusieurs moyens de paiement afin de vous permettre de r\u00e9gler votre commande avec un maximum flexibilit\u00e9.<br><br><strong>NOS ENGAGEMENTS EN MATI\u00c8RE DE S\u00c9CURIT\u00c9<\/strong><br>Vos pr\u00e9occupations en mati\u00e8re de s\u00e9curit\u00e9 des paiements et de respect de la confidentialit\u00e9 de vos donn\u00e9es bancaires sont tr\u00e8s importantes pour nous. De ce fait, nous avons choisi des partenaires de renomm\u00e9e mondiale qui nous permettent de vous garantir une s\u00e9curit\u00e9 et une transparence maximale pour que vous vous sentiez en s\u00e9curit\u00e9 pendant que vous faites vos achats sur notre site.<br><br>L&rsquo;int\u00e9gralit\u00e9 des pages de notre site sont crypt\u00e9es. De ce fait, m\u00eame lors d&rsquo;une simple visite, vous b\u00e9n\u00e9ficiez d&rsquo;une connexion crypt\u00e9e qui garantit une protection et une s\u00e9curit\u00e9 maximale. Une grande majorit\u00e9 des sites les plus visit\u00e9s au monde utilisent des certificats SSL pour garantir une confiance et une s\u00e9curit\u00e9 irr\u00e9prochable. Ainsi, les visiteurs et clients se sentent en s\u00e9curit\u00e9 pendant la navigation et ce jusqu&rsquo;\u00e0 la finalisation de l&rsquo;achat.<br><br><strong>PAIEMENT PAR CARTE BANCAIRE<\/strong><br>De nombreuses cartes bancaires sont accept\u00e9es comme les cartes VISA, MasterCard, Amex, Carte Bleue et pleins d&rsquo;autres.<br><br>Notre site Internet est dot\u00e9 d&rsquo;un syst\u00e8me de d\u00e9tection et de pr\u00e9vention des fraudes. Il nous permet de v\u00e9rifier l&rsquo;authenticit\u00e9 des paiements et de garantir la s\u00e9curit\u00e9 des donn\u00e9es fournies par les clients. La s\u00e9curit\u00e9 est assur\u00e9e par la technologie SSL (Secure Socket Layer) qui crypte les communications entre votre ordinateur et le serveur de notre banque afin qu&rsquo;elles ne soient pas intercept\u00e9es.<br><br>Lorsque vous choisissez de payer avec une carte bancaire, il vous sera demand\u00e9 de rentrer votre num\u00e9ro de carte bancaire, sa date de validit\u00e9 et son cryptogramme afin de valider votre paiement. Une fois que vous avez rentr\u00e9 les donn\u00e9es, il vous suffira de cliquer sur le bouton Valider pour finaliser votre commande. Vous avez la possibilit\u00e9 d&rsquo;enregistrer votre carte de mani\u00e8re anonyme et s\u00e9curis\u00e9e afin d&rsquo;acheter en un seul clic les fois suivantes.<br><br>Dans certains cas, le processus 3D Secure peut-\u00eatre activ\u00e9. Cela permet de v\u00e9rifier que le titulaire de la carte est bien \u00e0 l&rsquo;origine de la transaction. Grace au syst\u00e8me 3D Secure, la s\u00e9curit\u00e9 des paiements est encore plus \u00e9lev\u00e9e lorsque vous r\u00e9glez votre commande en carte bancaire.<br><br><br><strong>INFORMATIONS SUR LA LIVRAISON<\/strong><\/p>\n\n\n\n<p><strong>INFORMATIONS G\u00c9N\u00c9RALES<\/strong><br>ADDICT SPORT NUTRITION exp\u00e9diera votre commande le jour m\u00eame, du Lundi au Vendredi, si cette derni\u00e8re est pass\u00e9e avant 12:00, et \u00e0 condition que le paiement soit accept\u00e9 par carte bancaire. Toutes les commandes pass\u00e9es le vendredi apr\u00e8s 12:00 seront exp\u00e9di\u00e9es le Lundi. ADDICT SPORT NUTRITON s&rsquo;engage \u00e0 envoyer la commande sous les 30 jours.<br><br><strong>DROIT DE RETRACTION<\/strong><\/p>\n\n\n\n<p>Par principe, en cas de souscription d\u2019un contrat \u00e0 distance, \u00e0 la suite d\u2019un d\u00e9marchage ou hors \u00e9tablissement, le Client b\u00e9n\u00e9ficie d\u2019un droit de r\u00e9tractation, sans avoir \u00e0 motiver sa d\u00e9cision ni \u00e0 supporter d\u2019autres co\u00fbts que ceux pr\u00e9vus aux articles L221-23 \u00e0 L221-25 du Code de la consommation.<\/p>\n\n\n\n<p>Ce droit de r\u00e9tractation est exerc\u00e9 par le Client en renvoyant ou restituant le(s) Produit(s) concern\u00e9(s), au plus tard dans le d\u00e9lai de quatorze (14) jours courant \u00e0 compter de la date \u00e0 laquelle le Client, ou un tiers autre que le transporteur et d\u00e9sign\u00e9 par le Client, a pris physiquement possession du(des) Produit(s) concern\u00e9(s).<\/p>\n\n\n\n<p>Pour exercer son droit de r\u00e9tractation, le Client doit notifier sa d\u00e9cision de se r\u00e9tracter dans le d\u00e9lai imparti, au moyen d\u2019une d\u00e9claration d\u00e9nu\u00e9e d\u2019ambigu\u00eft\u00e9 (par exemple, lettre envoy\u00e9e par la poste, t\u00e9l\u00e9copie ou courrier \u00e9lectronique) \u00e0 : info@addictsportnutrition.com ou Soci\u00e9t\u00e9 ASN Europe sarl, rue du Golf 3, 33701 M\u00e9rignac, France<\/p>\n\n\n\n<p>Le cas \u00e9ch\u00e9ant, le Client peut utiliser le mod\u00e8le de formulaire de r\u00e9tractation reproduit ci-apr\u00e8s&nbsp;:<\/p>\n\n\n\n<h5 class=\"wp-block-heading\"><strong>FORMULAIRE DE R\u00c9TRACTATION<\/strong><\/h5>\n\n\n\n<p>A d\u00e9couper et \u00e0 adresser \u00e0 ASN Europe sarl avec accus\u00e9 de r\u00e9ception, par voie postale \u00e0 l\u2019adresse suivante : 3 rue du Golf, 33701 M\u00e9rignac, France ou par mail \u00e0 l\u2019adresse suivante : info@addictsportnutrition.com<\/p>\n\n\n\n<p>&#8230;&#8230;&#8230;&#8230;&#8230;&#8230;&#8230;&#8230;&#8230;&#8230;&#8230;&#8230;&#8230;&#8230;&#8230;&#8230;&#8230;&#8230;&#8230;&#8230;&#8230;&#8230;&#8230;&#8230;&#8230;&#8230;&#8230;&#8230;&#8230;&#8230;&#8230;&#8230;&#8230;&#8230;&#8230;&#8230;&#8230;&#8230;&#8230;&#8230;&#8230;&#8230;&#8230;&#8230;&#8230;&#8230;&#8230;<\/p>\n\n\n\n<p>Je vous notifie par la pr\u00e9sente ma r\u00e9tractation du contrat portant sur la vente du\/des Produit(s) ci-dessous :<\/p>\n\n\n\n<p>R\u00e9f\u00e9rence du Produit&nbsp;:<\/p>\n\n\n\n<p>N\u00b0 de la facture :<\/p>\n\n\n\n<p>Date de la Commande :<\/p>\n\n\n\n<p>Date de r\u00e9ception&nbsp;:<\/p>\n\n\n\n<p>Nom et pr\u00e9nom du Client :<\/p>\n\n\n\n<p>Adresse du Client :<\/p>\n\n\n\n<p>Adresse de livraison :<\/p>\n\n\n\n<p>Date&nbsp;:<\/p>\n\n\n\n<p>Signature (sauf en cas de transmission par mail)&nbsp;:<\/p>\n\n\n\n<p><strong><a href=\"https:\/\/www.fitness-world-nutrition.com\/wp-content\/uploads\/2023\/05\/1300330.svg?_gl=1*10125lf*_up*MQ..*_ga*Mjc4NzYyMjkxLjE3NDM1ODY1MjQ.*_ga_1GHTPPD5QJ*MTc0MzU4NjUyMy4xLjEuMTc0MzU4NjUzMy4wLjAuMA..\"><\/a>\u2026\u2026\u2026\u2026\u2026\u2026\u2026\u2026\u2026\u2026\u2026\u2026\u2026\u2026\u2026\u2026\u2026\u2026\u2026\u2026\u2026\u2026\u2026\u2026\u2026\u2026\u2026\u2026\u2026\u2026\u2026\u2026\u2026\u2026\u2026\u2026\u2026\u2026\u2026<\/strong><\/p>\n\n\n\n<p>L\u2019exercice du droit de r\u00e9tractation emporte r\u00e9solution de plein droit du contrat de vente.<\/p>\n\n\n\n<p>En cas d\u2019exercice par le Client de son droit de r\u00e9tractation, ASN EUROPE lui remboursera la totalit\u00e9 des sommes vers\u00e9es, au plus tard dans les quatorze (14) jours suivants la date de d\u00e9nonciation du contrat, \u00e0 l\u2019exclusion de toute autre indemnit\u00e9, sauf majoration \u00e9ventuelle en cas de retard de remboursement.<\/p>\n\n\n\n<p>Nous pouvons diff\u00e9rer le remboursement jusqu\u2019\u00e0 ce que nous ayons re\u00e7u le bien.<br><br>Adresse de retour : ASN Europe, 246 all\u00e9e des Cantines, Parc des Cantines, 33127 St Jean D&rsquo;Illac<\/p>","protected":false},"excerpt":{"rendered":"<p>Mise \u00e0 jour le 01 mars 2025 PROPRI\u00c9T\u00c9 INTELLECTUELLE Notre site Internet est cr\u00e9\u00e9 par notre \u00e9quipe informatique. C&rsquo;est donc une \u0153uvre prot\u00e9g\u00e9e par la loi sur la propri\u00e9t\u00e9 intellectuelle. Le contenu, comme les textes, illustrations, photographies et pr\u00e9sentations sont strictement r\u00e9serv\u00e9s au titre du droit d&rsquo;auteur et de la propri\u00e9t\u00e9 intellectuelle. La soci\u00e9t\u00e9 ASN [&hellip;]<\/p>","protected":false},"author":1,"featured_media":0,"parent":0,"menu_order":0,"comment_status":"closed","ping_status":"closed","template":"","meta":{"footnotes":""},"class_list":["post-5992","page","type-page","status-publish","hentry"],"_links":{"self":[{"href":"https:\/\/addictsportnutrition.com\/en\/wp-json\/wp\/v2\/pages\/5992","targetHints":{"allow":["GET"]}}],"collection":[{"href":"https:\/\/addictsportnutrition.com\/en\/wp-json\/wp\/v2\/pages"}],"about":[{"href":"https:\/\/addictsportnutrition.com\/en\/wp-json\/wp\/v2\/types\/page"}],"author":[{"embeddable":true,"href":"https:\/\/addictsportnutrition.com\/en\/wp-json\/wp\/v2\/users\/1"}],"replies":[{"embeddable":true,"href":"https:\/\/addictsportnutrition.com\/en\/wp-json\/wp\/v2\/comments?post=5992"}],"version-history":[{"count":1,"href":"https:\/\/addictsportnutrition.com\/en\/wp-json\/wp\/v2\/pages\/5992\/revisions"}],"predecessor-version":[{"id":5995,"href":"https:\/\/addictsportnutrition.com\/en\/wp-json\/wp\/v2\/pages\/5992\/revisions\/5995"}],"wp:attachment":[{"href":"https:\/\/addictsportnutrition.com\/en\/wp-json\/wp\/v2\/media?parent=5992"}],"curies":[{"name":"wp","href":"https:\/\/api.w.org\/{rel}","templated":true}]}}